{"id":2841,"date":"2024-11-27T11:51:41","date_gmt":"2024-11-27T14:51:41","guid":{"rendered":"https:\/\/fbh.com.br\/convencao\/?page_id=2841"},"modified":"2025-07-10T18:11:14","modified_gmt":"2025-07-10T21:11:14","slug":"passagens-e-hospedagens","status":"publish","type":"page","link":"https:\/\/fbh.com.br\/convencao\/passagens-e-hospedagens\/","title":{"rendered":"Passagens e Hospedagens"},"content":{"rendered":"\t\t<div data-elementor-type=\"wp-page\" data-elementor-id=\"2841\" class=\"elementor elementor-2841\">\n\t\t\t\t\t\t<div class=\"elementor-inner\">\n\t\t\t\t<div class=\"elementor-section-wrap\">\n\t\t\t\t\t\t\t\t\t<section class=\"penci-section penci-disSticky penci-structure-10 elementor-section elementor-top-section elementor-element elementor-element-2d5f2e3 elementor-section-height-min-height elementor-section-boxed elementor-section-height-default elementor-section-items-middle\" data-id=\"2d5f2e3\" data-element_type=\"section\" data-settings=\"{&quot;background_background&quot;:&quot;classic&quot;}\">\n\t\t\t\t\t\t<div class=\"elementor-container elementor-column-gap-no\">\n\t\t\t\t\t\t\t<div class=\"elementor-row\">\n\t\t\t\t\t<div class=\"penci-ercol-100 penci-ercol-order-1 penci-sticky-ct  elementor-column elementor-col-100 elementor-top-column elementor-element elementor-element-58661b6\" data-id=\"58661b6\" data-element_type=\"column\">\n\t\t\t<div class=\"theiaStickySidebar elementor-column-wrap elementor-element-populated\">\n\t\t\t\t\t\t\t<div class=\"elementor-widget-wrap\">\n\t\t\t\t\t\t<div class=\"elementor-element elementor-element-ed4f8f3 elementor-widget elementor-widget-penci-fancy_heading\" data-id=\"ed4f8f3\" data-element_type=\"widget\" data-widget_type=\"penci-fancy_heading.default\">\n\t\t\t\t<div class=\"elementor-widget-container\">\n\t\t\t\t\t<div class=\"penci-fancy-heading penci-heading-text-center\">\r\n\t\t\t<div class=\"penci-fancy-heading-inner\">\r\n\t\t\t\t<h2 class=\"penci-heading-title\">Hospedagens<\/h2>\t\t\t<\/div>\r\n\t\t<\/div>\r\n\t\t\t\t<\/div>\n\t\t\t\t<\/div>\n\t\t\t\t\t\t<\/div>\n\t\t\t\t\t<\/div>\n\t\t<\/div>\n\t\t\t\t\t\t\t\t<\/div>\n\t\t\t\t\t<\/div>\n\t\t<\/section>\n\t\t\t\t<section class=\"penci-section penci-disSticky penci-structure-10 elementor-section elementor-top-section elementor-element elementor-element-282e35e elementor-section-boxed elementor-section-height-default elementor-section-height-default\" data-id=\"282e35e\" data-element_type=\"section\">\n\t\t\t\t\t\t<div class=\"elementor-container elementor-column-gap-default\">\n\t\t\t\t\t\t\t<div class=\"elementor-row\">\n\t\t\t\t\t<div class=\"penci-ercol-100 penci-ercol-order-1 penci-sticky-ct  elementor-column elementor-col-100 elementor-top-column elementor-element elementor-element-4c26859\" data-id=\"4c26859\" data-element_type=\"column\">\n\t\t\t<div class=\"theiaStickySidebar elementor-column-wrap elementor-element-populated\">\n\t\t\t\t\t\t\t<div class=\"elementor-widget-wrap\">\n\t\t\t\t\t\t<div class=\"elementor-element elementor-element-be4c724 elementor-widget elementor-widget-heading\" data-id=\"be4c724\" data-element_type=\"widget\" data-widget_type=\"heading.default\">\n\t\t\t\t<div class=\"elementor-widget-container\">\n\t\t\t<h2 class=\"elementor-heading-title elementor-size-default\">Entre em contato <\/h2>\t\t<\/div>\n\t\t\t\t<\/div>\n\t\t\t\t<section class=\"penci-section penci-disSticky penci-structure-20 elementor-section elementor-inner-section elementor-element elementor-element-8fefd62 elementor-section-boxed elementor-section-height-default elementor-section-height-default\" data-id=\"8fefd62\" data-element_type=\"section\">\n\t\t\t\t\t\t<div class=\"elementor-container elementor-column-gap-default\">\n\t\t\t\t\t\t\t<div class=\"elementor-row\">\n\t\t\t\t\t<div class=\"penci-ercol-50 penci-ercol-order-1 penci-sticky-ct  elementor-column elementor-col-50 elementor-inner-column elementor-element elementor-element-a9fbd37\" data-id=\"a9fbd37\" data-element_type=\"column\">\n\t\t\t<div class=\"theiaStickySidebar elementor-column-wrap elementor-element-populated\">\n\t\t\t\t\t\t\t<div class=\"elementor-widget-wrap\">\n\t\t\t\t\t\t<div class=\"elementor-element elementor-element-48d602d elementor-align-left elementor-icon-list--layout-traditional elementor-list-item-link-full_width elementor-widget elementor-widget-icon-list\" data-id=\"48d602d\" data-element_type=\"widget\" data-widget_type=\"icon-list.default\">\n\t\t\t\t<div class=\"elementor-widget-container\">\n\t\t\t\t\t<ul class=\"elementor-icon-list-items\">\n\t\t\t\t\t\t\t<li class=\"elementor-icon-list-item\">\n\t\t\t\t\t\t\t\t\t\t\t<span class=\"elementor-icon-list-icon\">\n\t\t\t\t\t\t\t<i aria-hidden=\"true\" class=\"fas fa-envelope\"><\/i>\t\t\t\t\t\t<\/span>\n\t\t\t\t\t\t\t\t\t\t<span class=\"elementor-icon-list-text\">r2rturismoatendimento@gmail.com<\/span>\n\t\t\t\t\t\t\t\t\t<\/li>\n\t\t\t\t\t\t\t\t<li class=\"elementor-icon-list-item\">\n\t\t\t\t\t\t\t\t\t\t\t<span class=\"elementor-icon-list-icon\">\n\t\t\t\t\t\t\t<i aria-hidden=\"true\" class=\"fab fa-whatsapp\"><\/i>\t\t\t\t\t\t<\/span>\n\t\t\t\t\t\t\t\t\t\t<span class=\"elementor-icon-list-text\">61-98111-0869<\/span>\n\t\t\t\t\t\t\t\t\t<\/li>\n\t\t\t\t\t\t\t\t<li class=\"elementor-icon-list-item\">\n\t\t\t\t\t\t\t\t\t\t\t<span class=\"elementor-icon-list-icon\">\n\t\t\t\t\t\t\t<i aria-hidden=\"true\" class=\"fas fa-user\"><\/i>\t\t\t\t\t\t<\/span>\n\t\t\t\t\t\t\t\t\t\t<span class=\"elementor-icon-list-text\">Rose<\/span>\n\t\t\t\t\t\t\t\t\t<\/li>\n\t\t\t\t\t\t<\/ul>\n\t\t\t\t<\/div>\n\t\t\t\t<\/div>\n\t\t\t\t<div class=\"elementor-element elementor-element-efa84a1 elementor-align-left elementor-mobile-align-center elementor-widget elementor-widget-button\" data-id=\"efa84a1\" data-element_type=\"widget\" data-widget_type=\"button.default\">\n\t\t\t\t<div class=\"elementor-widget-container\">\n\t\t\t\t\t<div class=\"elementor-button-wrapper\">\n\t\t\t<a class=\"elementor-button elementor-button-link elementor-size-md\" href=\"https:\/\/api.whatsapp.com\/send\/?phone=%2B5561981110869&#038;text&#038;type=phone_number&#038;app_absent=0\">\n\t\t\t\t\t\t<span class=\"elementor-button-content-wrapper\">\n\t\t\t\t\t\t<span class=\"elementor-button-text\">Entre em COntato<\/span>\n\t\t<\/span>\n\t\t\t\t\t<\/a>\n\t\t<\/div>\n\t\t\t\t<\/div>\n\t\t\t\t<\/div>\n\t\t\t\t\t\t<\/div>\n\t\t\t\t\t<\/div>\n\t\t<\/div>\n\t\t\t\t<div class=\"penci-ercol-50 penci-ercol-order-2 penci-sticky-ct  elementor-column elementor-col-50 elementor-inner-column elementor-element elementor-element-e543a48\" data-id=\"e543a48\" data-element_type=\"column\">\n\t\t\t<div class=\"theiaStickySidebar elementor-column-wrap elementor-element-populated\">\n\t\t\t\t\t\t\t<div class=\"elementor-widget-wrap\">\n\t\t\t\t\t\t<div class=\"elementor-element elementor-element-58e8d07 elementor-widget elementor-widget-image\" data-id=\"58e8d07\" data-element_type=\"widget\" data-widget_type=\"image.default\">\n\t\t\t\t<div class=\"elementor-widget-container\">\n\t\t\t\t\t\t\t\t<div class=\"elementor-image\">\n\t\t\t\t\t\t\t\t\t\t\t\t<img decoding=\"async\" width=\"224\" height=\"224\" src=\"https:\/\/fbh.com.br\/convencao\/wp-content\/uploads\/2025\/07\/B76E742A-0724-41F8-86D4-BF9EEC9A5A58-e1752088248245.png\" class=\"attachment-large size-large wp-image-4014\" alt=\"\" srcset=\"https:\/\/fbh.com.br\/convencao\/wp-content\/uploads\/2025\/07\/B76E742A-0724-41F8-86D4-BF9EEC9A5A58-e1752088248245.png 224w, https:\/\/fbh.com.br\/convencao\/wp-content\/uploads\/2025\/07\/B76E742A-0724-41F8-86D4-BF9EEC9A5A58-e1752088248245-150x150.png 150w\" sizes=\"(max-width: 224px) 100vw, 224px\" \/>\t\t\t\t\t\t\t\t\t\t\t\t\t\t<\/div>\n\t\t\t\t\t\t<\/div>\n\t\t\t\t<\/div>\n\t\t\t\t\t\t<\/div>\n\t\t\t\t\t<\/div>\n\t\t<\/div>\n\t\t\t\t\t\t\t\t<\/div>\n\t\t\t\t\t<\/div>\n\t\t<\/section>\n\t\t\t\t\t\t<\/div>\n\t\t\t\t\t<\/div>\n\t\t<\/div>\n\t\t\t\t\t\t\t\t<\/div>\n\t\t\t\t\t<\/div>\n\t\t<\/section>\n\t\t\t\t<section class=\"penci-section penci-disSticky penci-structure-10 elementor-section elementor-top-section elementor-element elementor-element-c2ceb83 elementor-section-boxed elementor-section-height-default elementor-section-height-default\" data-id=\"c2ceb83\" data-element_type=\"section\">\n\t\t\t\t\t\t<div class=\"elementor-container elementor-column-gap-default\">\n\t\t\t\t\t\t\t<div class=\"elementor-row\">\n\t\t\t\t\t<div class=\"penci-ercol-100 penci-ercol-order-1 penci-sticky-ct  elementor-column elementor-col-100 elementor-top-column elementor-element elementor-element-9549264\" data-id=\"9549264\" data-element_type=\"column\">\n\t\t\t<div class=\"theiaStickySidebar elementor-column-wrap\">\n\t\t\t\t\t\t\t<div class=\"elementor-widget-wrap\">\n\t\t\t\t\t\t\t\t<\/div>\n\t\t\t\t\t<\/div>\n\t\t<\/div>\n\t\t\t\t\t\t\t\t<\/div>\n\t\t\t\t\t<\/div>\n\t\t<\/section>\n\t\t\t\t\t\t\t\t\t<\/div>\n\t\t\t<\/div>\n\t\t\t\t\t<\/div>\n\t\t","protected":false},"excerpt":{"rendered":"<p>Hospedagens Entre em contato r2rturismoatendimento@gmail.com 61-98111-0869 Rose Entre em COntato<\/p>\n","protected":false},"author":3,"featured_media":0,"parent":0,"menu_order":0,"comment_status":"closed","ping_status":"closed","template":"page-fullwidth.php","meta":{"footnotes":""},"class_list":["post-2841","page","type-page","status-publish","hentry"],"yoast_head":"<!-- This site is optimized with the Yoast SEO plugin v20.11 - https:\/\/yoast.com\/wordpress\/plugins\/seo\/ -->\n<title>Passagens e Hospedagens - 15\u00aa CONVEN\u00c7\u00c3O BRASILEIRA DE HOSPITAIS - CBH<\/title>\n<meta name=\"robots\" content=\"index, follow, max-snippet:-1, max-image-preview:large, max-video-preview:-1\" \/>\n<link rel=\"canonical\" href=\"https:\/\/fbh.com.br\/convencao\/passagens-e-hospedagens\/\" \/>\n<meta property=\"og:locale\" content=\"pt_BR\" \/>\n<meta property=\"og:type\" content=\"article\" \/>\n<meta property=\"og:title\" content=\"Passagens e Hospedagens - 15\u00aa CONVEN\u00c7\u00c3O BRASILEIRA DE HOSPITAIS - CBH\" \/>\n<meta property=\"og:description\" content=\"Hospedagens Entre em contato r2rturismoatendimento@gmail.com 61-98111-0869 Rose Entre em COntato\" \/>\n<meta property=\"og:url\" content=\"https:\/\/fbh.com.br\/convencao\/passagens-e-hospedagens\/\" \/>\n<meta property=\"og:site_name\" content=\"15\u00aa CONVEN\u00c7\u00c3O BRASILEIRA DE HOSPITAIS - CBH\" \/>\n<meta property=\"article:publisher\" content=\"https:\/\/www.facebook.com\/federacaobrasileirahospitais\" \/>\n<meta property=\"article:modified_time\" content=\"2025-07-10T21:11:14+00:00\" \/>\n<meta property=\"og:image\" content=\"https:\/\/fbh.com.br\/convencao\/wp-content\/uploads\/2025\/07\/B76E742A-0724-41F8-86D4-BF9EEC9A5A58-e1752088248245.png\" \/>\n<meta name=\"twitter:card\" content=\"summary_large_image\" \/>\n<meta name=\"twitter:site\" content=\"@premiosynapsis\" \/>\n<meta name=\"twitter:label1\" content=\"Est. tempo de leitura\" \/>\n\t<meta name=\"twitter:data1\" content=\"1 minuto\" \/>\n<script type=\"application\/ld+json\" class=\"yoast-schema-graph\">{\"@context\":\"https:\/\/schema.org\",\"@graph\":[{\"@type\":\"WebPage\",\"@id\":\"https:\/\/fbh.com.br\/convencao\/passagens-e-hospedagens\/\",\"url\":\"https:\/\/fbh.com.br\/convencao\/passagens-e-hospedagens\/\",\"name\":\"Passagens e Hospedagens - 15\u00aa CONVEN\u00c7\u00c3O BRASILEIRA DE HOSPITAIS - CBH\",\"isPartOf\":{\"@id\":\"https:\/\/fbh.com.br\/convencao\/#website\"},\"datePublished\":\"2024-11-27T14:51:41+00:00\",\"dateModified\":\"2025-07-10T21:11:14+00:00\",\"breadcrumb\":{\"@id\":\"https:\/\/fbh.com.br\/convencao\/passagens-e-hospedagens\/#breadcrumb\"},\"inLanguage\":\"pt-BR\",\"potentialAction\":[{\"@type\":\"ReadAction\",\"target\":[\"https:\/\/fbh.com.br\/convencao\/passagens-e-hospedagens\/\"]}]},{\"@type\":\"BreadcrumbList\",\"@id\":\"https:\/\/fbh.com.br\/convencao\/passagens-e-hospedagens\/#breadcrumb\",\"itemListElement\":[{\"@type\":\"ListItem\",\"position\":1,\"name\":\"In\u00edcio\",\"item\":\"https:\/\/fbh.com.br\/convencao\/\"},{\"@type\":\"ListItem\",\"position\":2,\"name\":\"Passagens e Hospedagens\"}]},{\"@type\":\"WebSite\",\"@id\":\"https:\/\/fbh.com.br\/convencao\/#website\",\"url\":\"https:\/\/fbh.com.br\/convencao\/\",\"name\":\"15\u00aa CONVEN\u00c7\u00c3O BRASILEIRA DE HOSPITAIS - CBH\",\"description\":\"A 15\u00aa Conven\u00e7\u00e3o Brasileira de Hospitais (15\u00aa CBH), que acontecer\u00e1 no Expo Mag e vai transformar a Cidade Maravilhosa no ponto de encontro estrat\u00e9gico entre gestores hospitalares, lideran\u00e7as institucionais e governamentais, al\u00e9m de empresas l\u00edderes em tecnologia e inova\u00e7\u00e3o em servi\u00e7os de sa\u00fade. O evento, considerado um dos pioneiros no setor, ter\u00e1 como tema central \u201cGest\u00e3o, qualifica\u00e7\u00e3o e acredita\u00e7\u00e3o dos hospitais para o desenvolvimento do Setor Sa\u00fade.\u201d.\",\"publisher\":{\"@id\":\"https:\/\/fbh.com.br\/convencao\/#organization\"},\"potentialAction\":[{\"@type\":\"SearchAction\",\"target\":{\"@type\":\"EntryPoint\",\"urlTemplate\":\"https:\/\/fbh.com.br\/convencao\/?s={search_term_string}\"},\"query-input\":\"required name=search_term_string\"}],\"inLanguage\":\"pt-BR\"},{\"@type\":\"Organization\",\"@id\":\"https:\/\/fbh.com.br\/convencao\/#organization\",\"name\":\"15\u00aa Conven\u00e7\u00e3o Brasileira de Hospitais (14\u00aa CBH)\",\"url\":\"https:\/\/fbh.com.br\/convencao\/\",\"logo\":{\"@type\":\"ImageObject\",\"inLanguage\":\"pt-BR\",\"@id\":\"https:\/\/fbh.com.br\/convencao\/#\/schema\/logo\/image\/\",\"url\":\"https:\/\/fbh.com.br\/convencao\/wp-content\/uploads\/2024\/07\/logo_15a_CBH-png-02.png\",\"contentUrl\":\"https:\/\/fbh.com.br\/convencao\/wp-content\/uploads\/2024\/07\/logo_15a_CBH-png-02.png\",\"width\":1200,\"height\":1199,\"caption\":\"15\u00aa Conven\u00e7\u00e3o Brasileira de Hospitais (14\u00aa CBH)\"},\"image\":{\"@id\":\"https:\/\/fbh.com.br\/convencao\/#\/schema\/logo\/image\/\"},\"sameAs\":[\"https:\/\/www.facebook.com\/federacaobrasileirahospitais\",\"https:\/\/twitter.com\/premiosynapsis\"]}]}<\/script>\n<!-- \/ Yoast SEO plugin. -->","yoast_head_json":{"title":"Passagens e Hospedagens - 15\u00aa CONVEN\u00c7\u00c3O BRASILEIRA DE HOSPITAIS - CBH","robots":{"index":"index","follow":"follow","max-snippet":"max-snippet:-1","max-image-preview":"max-image-preview:large","max-video-preview":"max-video-preview:-1"},"canonical":"https:\/\/fbh.com.br\/convencao\/passagens-e-hospedagens\/","og_locale":"pt_BR","og_type":"article","og_title":"Passagens e Hospedagens - 15\u00aa CONVEN\u00c7\u00c3O BRASILEIRA DE HOSPITAIS - CBH","og_description":"Hospedagens Entre em contato r2rturismoatendimento@gmail.com 61-98111-0869 Rose Entre em COntato","og_url":"https:\/\/fbh.com.br\/convencao\/passagens-e-hospedagens\/","og_site_name":"15\u00aa CONVEN\u00c7\u00c3O BRASILEIRA DE HOSPITAIS - CBH","article_publisher":"https:\/\/www.facebook.com\/federacaobrasileirahospitais","article_modified_time":"2025-07-10T21:11:14+00:00","og_image":[{"url":"https:\/\/fbh.com.br\/convencao\/wp-content\/uploads\/2025\/07\/B76E742A-0724-41F8-86D4-BF9EEC9A5A58-e1752088248245.png"}],"twitter_card":"summary_large_image","twitter_site":"@premiosynapsis","twitter_misc":{"Est. tempo de leitura":"1 minuto"},"schema":{"@context":"https:\/\/schema.org","@graph":[{"@type":"WebPage","@id":"https:\/\/fbh.com.br\/convencao\/passagens-e-hospedagens\/","url":"https:\/\/fbh.com.br\/convencao\/passagens-e-hospedagens\/","name":"Passagens e Hospedagens - 15\u00aa CONVEN\u00c7\u00c3O BRASILEIRA DE HOSPITAIS - CBH","isPartOf":{"@id":"https:\/\/fbh.com.br\/convencao\/#website"},"datePublished":"2024-11-27T14:51:41+00:00","dateModified":"2025-07-10T21:11:14+00:00","breadcrumb":{"@id":"https:\/\/fbh.com.br\/convencao\/passagens-e-hospedagens\/#breadcrumb"},"inLanguage":"pt-BR","potentialAction":[{"@type":"ReadAction","target":["https:\/\/fbh.com.br\/convencao\/passagens-e-hospedagens\/"]}]},{"@type":"BreadcrumbList","@id":"https:\/\/fbh.com.br\/convencao\/passagens-e-hospedagens\/#breadcrumb","itemListElement":[{"@type":"ListItem","position":1,"name":"In\u00edcio","item":"https:\/\/fbh.com.br\/convencao\/"},{"@type":"ListItem","position":2,"name":"Passagens e Hospedagens"}]},{"@type":"WebSite","@id":"https:\/\/fbh.com.br\/convencao\/#website","url":"https:\/\/fbh.com.br\/convencao\/","name":"15\u00aa CONVEN\u00c7\u00c3O BRASILEIRA DE HOSPITAIS - CBH","description":"A 15\u00aa Conven\u00e7\u00e3o Brasileira de Hospitais (15\u00aa CBH), que acontecer\u00e1 no Expo Mag e vai transformar a Cidade Maravilhosa no ponto de encontro estrat\u00e9gico entre gestores hospitalares, lideran\u00e7as institucionais e governamentais, al\u00e9m de empresas l\u00edderes em tecnologia e inova\u00e7\u00e3o em servi\u00e7os de sa\u00fade. O evento, considerado um dos pioneiros no setor, ter\u00e1 como tema central \u201cGest\u00e3o, qualifica\u00e7\u00e3o e acredita\u00e7\u00e3o dos hospitais para o desenvolvimento do Setor Sa\u00fade.\u201d.","publisher":{"@id":"https:\/\/fbh.com.br\/convencao\/#organization"},"potentialAction":[{"@type":"SearchAction","target":{"@type":"EntryPoint","urlTemplate":"https:\/\/fbh.com.br\/convencao\/?s={search_term_string}"},"query-input":"required name=search_term_string"}],"inLanguage":"pt-BR"},{"@type":"Organization","@id":"https:\/\/fbh.com.br\/convencao\/#organization","name":"15\u00aa Conven\u00e7\u00e3o Brasileira de Hospitais (14\u00aa CBH)","url":"https:\/\/fbh.com.br\/convencao\/","logo":{"@type":"ImageObject","inLanguage":"pt-BR","@id":"https:\/\/fbh.com.br\/convencao\/#\/schema\/logo\/image\/","url":"https:\/\/fbh.com.br\/convencao\/wp-content\/uploads\/2024\/07\/logo_15a_CBH-png-02.png","contentUrl":"https:\/\/fbh.com.br\/convencao\/wp-content\/uploads\/2024\/07\/logo_15a_CBH-png-02.png","width":1200,"height":1199,"caption":"15\u00aa Conven\u00e7\u00e3o Brasileira de Hospitais (14\u00aa CBH)"},"image":{"@id":"https:\/\/fbh.com.br\/convencao\/#\/schema\/logo\/image\/"},"sameAs":["https:\/\/www.facebook.com\/federacaobrasileirahospitais","https:\/\/twitter.com\/premiosynapsis"]}]}},"_links":{"self":[{"href":"https:\/\/fbh.com.br\/convencao\/wp-json\/wp\/v2\/pages\/2841","targetHints":{"allow":["GET"]}}],"collection":[{"href":"https:\/\/fbh.com.br\/convencao\/wp-json\/wp\/v2\/pages"}],"about":[{"href":"https:\/\/fbh.com.br\/convencao\/wp-json\/wp\/v2\/types\/page"}],"author":[{"embeddable":true,"href":"https:\/\/fbh.com.br\/convencao\/wp-json\/wp\/v2\/users\/3"}],"replies":[{"embeddable":true,"href":"https:\/\/fbh.com.br\/convencao\/wp-json\/wp\/v2\/comments?post=2841"}],"version-history":[{"count":19,"href":"https:\/\/fbh.com.br\/convencao\/wp-json\/wp\/v2\/pages\/2841\/revisions"}],"predecessor-version":[{"id":4107,"href":"https:\/\/fbh.com.br\/convencao\/wp-json\/wp\/v2\/pages\/2841\/revisions\/4107"}],"wp:attachment":[{"href":"https:\/\/fbh.com.br\/convencao\/wp-json\/wp\/v2\/media?parent=2841"}],"curies":[{"name":"wp","href":"https:\/\/api.w.org\/{rel}","templated":true}]}}