{"id":12,"date":"2019-11-15T01:59:00","date_gmt":"2019-11-15T04:59:00","guid":{"rendered":"http:\/\/demosoledad.pencidesign.com\/soledad-finance-consulting-multipurpose\/?page_id=12"},"modified":"2023-03-10T12:14:21","modified_gmt":"2023-03-10T15:14:21","slug":"contato","status":"publish","type":"page","link":"https:\/\/fbh.com.br\/premio-synapsis\/contato\/","title":{"rendered":"Contato"},"content":{"rendered":"\t\t<div data-elementor-type=\"wp-page\" data-elementor-id=\"12\" class=\"elementor elementor-12\" data-elementor-post-type=\"page\">\n\t\t\t\t\t\t<section class=\"penci-section penci-dmcheck penci-elbg-activate penci-disSticky penci-structure-10 elementor-section elementor-top-section elementor-element elementor-element-7a67cc2 elementor-section-boxed elementor-section-height-default elementor-section-height-default\" data-id=\"7a67cc2\" data-element_type=\"section\" data-settings=\"{&quot;background_background&quot;:&quot;classic&quot;}\">\n\t\t\t\t\t\t<div class=\"elementor-container elementor-column-gap-no\">\n\t\t\t\t\t<div class=\"penci-ercol-100 penci-ercol-order-1 penci-sticky-ct    elementor-column elementor-col-100 elementor-top-column elementor-element elementor-element-7f49586\" data-id=\"7f49586\" data-element_type=\"column\">\n\t\t\t<div class=\"elementor-widget-wrap elementor-element-populated\">\n\t\t\t\t\t\t<div class=\"elementor-element elementor-element-59c93cb elementor-widget elementor-widget-penci-fancy_heading\" data-id=\"59c93cb\" data-element_type=\"widget\" data-widget_type=\"penci-fancy_heading.default\">\n\t\t\t\t<div class=\"elementor-widget-container\">\n\t\t\t\t\t\t\t<div class=\"penci-fancy-heading penci-heading-text-center\">\n\t\t\t<div class=\"penci-fancy-heading-inner\">\n\t\t\t\t<h2 class=\"penci-heading-title\"><span class=\"inner-tit\">Contato<\/span><\/h2>\t\t\t<\/div>\n\t\t<\/div>\n\t\t\t\t\t\t<\/div>\n\t\t\t\t<\/div>\n\t\t\t\t\t<\/div>\n\t\t<\/div>\n\t\t\t\t\t<\/div>\n\t\t<\/section>\n\t\t\t\t<section class=\"penci-section penci-disSticky penci-structure-22 elementor-section elementor-top-section elementor-element elementor-element-09bf78b elementor-section-content-middle elementor-section-boxed elementor-section-height-default elementor-section-height-default\" data-id=\"09bf78b\" data-element_type=\"section\">\n\t\t\t\t\t\t<div class=\"elementor-container elementor-column-gap-wider\">\n\t\t\t\t\t<div class=\"penci-ercol-66 penci-ercol-order-1 penci-sticky-ct    elementor-column elementor-col-66 elementor-top-column elementor-element elementor-element-5440b1d\" data-id=\"5440b1d\" data-element_type=\"column\">\n\t\t\t<div class=\"elementor-widget-wrap elementor-element-populated\">\n\t\t\t\t\t\t<div class=\"elementor-element elementor-element-d3b552d elementor-widget elementor-widget-penci-fancy_heading\" data-id=\"d3b552d\" data-element_type=\"widget\" data-widget_type=\"penci-fancy_heading.default\">\n\t\t\t\t<div class=\"elementor-widget-container\">\n\t\t\t\t\t\t\t<div class=\"penci-fancy-heading penci-heading-text-left\">\n\t\t\t<div class=\"penci-fancy-heading-inner\">\n\t\t\t\t<h2 class=\"penci-heading-title\"><span class=\"inner-tit\">Fale conosco<\/span><\/h2>\t\t\t<\/div>\n\t\t<\/div>\n\t\t\t\t\t\t<\/div>\n\t\t\t\t<\/div>\n\t\t\t\t<div class=\"elementor-element elementor-element-2dbfa36 elementor-widget elementor-widget-shortcode\" data-id=\"2dbfa36\" data-element_type=\"widget\" data-widget_type=\"shortcode.default\">\n\t\t\t\t<div class=\"elementor-widget-container\">\n\t\t\t\t\t\t\t<div class=\"elementor-shortcode\">\n<div class=\"wpcf7 no-js\" id=\"wpcf7-f7-o1\" lang=\"pt-BR\" dir=\"ltr\" data-wpcf7-id=\"7\">\n<div class=\"screen-reader-response\"><p role=\"status\" aria-live=\"polite\" aria-atomic=\"true\"><\/p> <ul><\/ul><\/div>\n<form action=\"\/premio-synapsis\/wp-json\/wp\/v2\/pages\/12#wpcf7-f7-o1\" method=\"post\" class=\"wpcf7-form init\" aria-label=\"Formul\u00e1rios de contato\" novalidate=\"novalidate\" data-status=\"init\">\n<div style=\"display: none;\">\n<input type=\"hidden\" name=\"_wpcf7\" value=\"7\" \/>\n<input type=\"hidden\" name=\"_wpcf7_version\" value=\"6.0.6\" \/>\n<input type=\"hidden\" name=\"_wpcf7_locale\" value=\"pt_BR\" \/>\n<input type=\"hidden\" name=\"_wpcf7_unit_tag\" value=\"wpcf7-f7-o1\" \/>\n<input type=\"hidden\" name=\"_wpcf7_container_post\" value=\"0\" \/>\n<input type=\"hidden\" name=\"_wpcf7_posted_data_hash\" value=\"\" \/>\n<input type=\"hidden\" name=\"_wpcf7_recaptcha_response\" value=\"\" \/>\n<\/div>\n<p><label> Nome<br \/>\n<span class=\"wpcf7-form-control-wrap\" data-name=\"nome\"><input size=\"40\" maxlength=\"400\" class=\"wpcf7-form-control wpcf7-text wpcf7-validates-as-required\" aria-required=\"true\" aria-invalid=\"false\" value=\"\" type=\"text\" name=\"nome\" \/><\/span> <\/label>\n<\/p>\n<p><label> E-mail<br \/>\n<span class=\"wpcf7-form-control-wrap\" data-name=\"email\"><input size=\"40\" maxlength=\"400\" class=\"wpcf7-form-control wpcf7-email wpcf7-validates-as-required wpcf7-text wpcf7-validates-as-email\" aria-required=\"true\" aria-invalid=\"false\" value=\"\" type=\"email\" name=\"email\" \/><\/span> <\/label>\n<\/p>\n<p><label> Telefone<br \/>\n<span class=\"wpcf7-form-control-wrap\" data-name=\"telefone\"><input size=\"40\" maxlength=\"400\" class=\"wpcf7-form-control wpcf7-text wpcf7-validates-as-required\" aria-required=\"true\" aria-invalid=\"false\" value=\"\" type=\"text\" name=\"telefone\" \/><\/span> <\/label>\n<\/p>\n<p><label> Mensagem<br \/>\n<span class=\"wpcf7-form-control-wrap\" data-name=\"your-message\"><textarea cols=\"40\" rows=\"10\" maxlength=\"2000\" class=\"wpcf7-form-control wpcf7-textarea\" aria-invalid=\"false\" name=\"your-message\"><\/textarea><\/span> <\/label>\n<\/p>\n<p><input class=\"wpcf7-form-control wpcf7-submit has-spinner\" type=\"submit\" value=\"Enviar\" \/>\n<\/p><div class=\"wpcf7-response-output\" aria-hidden=\"true\"><\/div>\n<\/form>\n<\/div>\n<\/div>\n\t\t\t\t\t\t<\/div>\n\t\t\t\t<\/div>\n\t\t\t\t\t<\/div>\n\t\t<\/div>\n\t\t\t\t<div class=\"penci-ercol-33 penci-ercol-order-2 penci-sticky-sb penci-sidebarSC penci-dmcheck penci-elbg-activate  elementor-column elementor-col-33 elementor-top-column elementor-element elementor-element-56a9c87\" data-id=\"56a9c87\" data-element_type=\"column\" data-settings=\"{&quot;background_background&quot;:&quot;classic&quot;}\">\n\t\t\t<div class=\"elementor-widget-wrap elementor-element-populated\">\n\t\t\t\t\t\t<div class=\"elementor-element elementor-element-0dfd868 elementor-widget elementor-widget-penci-fancy_heading\" data-id=\"0dfd868\" data-element_type=\"widget\" data-widget_type=\"penci-fancy_heading.default\">\n\t\t\t\t<div class=\"elementor-widget-container\">\n\t\t\t\t\t\t\t<div class=\"penci-fancy-heading penci-heading-text-left\">\n\t\t\t<div class=\"penci-fancy-heading-inner\">\n\t\t\t\t<h2 class=\"penci-heading-title\"><span class=\"inner-tit\">Atendimento<\/span><\/h2><div class=\"penci-heading-content entry-content\"><p>Federa\u00e7\u00e3o Brasileira de Hospitais \u2013 FBH <br \/>\nSRTV\/S Qd. 701 \u2013 Conj E \u2013 n\u00ba 130 \u2013 5\u00ba andar <br \/>Ed. Pal\u00e1cio do R\u00e1dio I \u2013 Torre III.<br \/>\nBras\u00edlia \/DF <br \/>CEP 70340-901<\/p>\n<\/div>\t\t\t<\/div>\n\t\t<\/div>\n\t\t\t\t\t\t<\/div>\n\t\t\t\t<\/div>\n\t\t\t\t<div class=\"elementor-element elementor-element-1ddb925 elementor-align-left elementor-widget elementor-widget-button\" data-id=\"1ddb925\" data-element_type=\"widget\" data-widget_type=\"button.default\">\n\t\t\t\t<div class=\"elementor-widget-container\">\n\t\t\t\t\t\t\t\t\t<div class=\"elementor-button-wrapper\">\n\t\t\t\t\t<a class=\"elementor-button elementor-size-lg\" role=\"button\">\n\t\t\t\t\t\t<span class=\"elementor-button-content-wrapper\">\n\t\t\t\t\t\t\t\t\t<span class=\"elementor-button-text\">E-mail: premiosynapsis@fbh.com.br<\/span>\n\t\t\t\t\t<\/span>\n\t\t\t\t\t<\/a>\n\t\t\t\t<\/div>\n\t\t\t\t\t\t\t\t<\/div>\n\t\t\t\t<\/div>\n\t\t\t\t\t<\/div>\n\t\t<\/div>\n\t\t\t\t\t<\/div>\n\t\t<\/section>\n\t\t\t\t<section class=\"penci-section penci-disSticky penci-structure-10 elementor-section elementor-top-section elementor-element elementor-element-8ec93a5 elementor-section-boxed elementor-section-height-default elementor-section-height-default\" data-id=\"8ec93a5\" data-element_type=\"section\">\n\t\t\t\t\t\t<div class=\"elementor-container elementor-column-gap-default\">\n\t\t\t\t\t<div class=\"penci-ercol-100 penci-ercol-order-1 penci-sticky-ct    elementor-column elementor-col-100 elementor-top-column elementor-element elementor-element-2db0b5c\" data-id=\"2db0b5c\" data-element_type=\"column\">\n\t\t\t<div class=\"elementor-widget-wrap elementor-element-populated\">\n\t\t\t\t\t\t<div class=\"elementor-element elementor-element-fa6cd0b elementor-widget elementor-widget-text-editor\" data-id=\"fa6cd0b\" data-element_type=\"widget\" data-widget_type=\"text-editor.default\">\n\t\t\t\t<div class=\"elementor-widget-container\">\n\t\t\t\t\t\t\t\t\t<iframe style=\"border: 0;\" tabindex=\"0\" src=\"https:\/\/www.google.com\/maps\/embed?pb=!1m18!1m12!1m3!1d3839.1142680015832!2d-47.89523268471761!3d-15.797927689049072!2m3!1f0!2f0!3f0!3m2!1i1024!2i768!4f13.1!3m3!1m2!1s0x935a3ae90339afb5%3A0xe831ddf59fd6ccdb!2sFBH%20-%20Federa%C3%A7%C3%A3o%20Brasileira%20de%20Hospitais!5e0!3m2!1spt-BR!2sbr!4v1603764325691!5m2!1spt-BR!2sbr\" width=\"100%\" height=\"450\" frameborder=\"0\" allowfullscreen=\"allowfullscreen\" aria-hidden=\"false\"><\/iframe>\t\t\t\t\t\t\t\t<\/div>\n\t\t\t\t<\/div>\n\t\t\t\t\t<\/div>\n\t\t<\/div>\n\t\t\t\t\t<\/div>\n\t\t<\/section>\n\t\t\t\t<\/div>\n\t\t","protected":false},"excerpt":{"rendered":"<p>Contato Fale conosco Atendimento Federa\u00e7\u00e3o Brasileira de Hospitais \u2013 FBH SRTV\/S Qd. 701 \u2013 Conj E \u2013 n\u00ba 130 \u2013 5\u00ba andar Ed. Pal\u00e1cio do R\u00e1dio I \u2013 Torre III.&hellip;<\/p>\n","protected":false},"author":1,"featured_media":0,"parent":0,"menu_order":0,"comment_status":"closed","ping_status":"closed","template":"page-fullwidth.php","meta":{"_lmt_disableupdate":"","_lmt_disable":"","footnotes":""},"class_list":["post-12","page","type-page","status-publish","hentry"],"yoast_head":"<!-- This site is optimized with the Yoast SEO plugin v25.2 - https:\/\/yoast.com\/wordpress\/plugins\/seo\/ -->\n<title>Contato - Pr\u00eamio Synapsis de Jornalismo<\/title>\n<meta name=\"robots\" content=\"index, follow, max-snippet:-1, max-image-preview:large, max-video-preview:-1\" \/>\n<link rel=\"canonical\" href=\"https:\/\/fbh.com.br\/premio-synapsis\/contato\/\" \/>\n<meta property=\"og:locale\" content=\"pt_BR\" \/>\n<meta property=\"og:type\" content=\"article\" \/>\n<meta property=\"og:title\" content=\"Contato - Pr\u00eamio Synapsis de Jornalismo\" \/>\n<meta property=\"og:description\" content=\"Contato Fale conosco Atendimento Federa\u00e7\u00e3o Brasileira de Hospitais \u2013 FBH SRTV\/S Qd. 701 \u2013 Conj E \u2013 n\u00ba 130 \u2013 5\u00ba andar Ed. Pal\u00e1cio do R\u00e1dio I \u2013 Torre III.&hellip;\" \/>\n<meta property=\"og:url\" content=\"https:\/\/fbh.com.br\/premio-synapsis\/contato\/\" \/>\n<meta property=\"og:site_name\" content=\"Pr\u00eamio Synapsis de Jornalismo\" \/>\n<meta property=\"article:publisher\" content=\"https:\/\/www.facebook.com\/premiosynapsisfbh\/\" \/>\n<meta property=\"article:modified_time\" content=\"2023-03-10T15:14:21+00:00\" \/>\n<meta name=\"twitter:card\" content=\"summary_large_image\" \/>\n<meta name=\"twitter:site\" content=\"@premiosynapsis\" \/>\n<meta name=\"twitter:label1\" content=\"Est. tempo de leitura\" \/>\n\t<meta name=\"twitter:data1\" content=\"1 minuto\" \/>\n<script type=\"application\/ld+json\" class=\"yoast-schema-graph\">{\"@context\":\"https:\/\/schema.org\",\"@graph\":[{\"@type\":\"WebPage\",\"@id\":\"https:\/\/fbh.com.br\/premio-synapsis\/contato\/\",\"url\":\"https:\/\/fbh.com.br\/premio-synapsis\/contato\/\",\"name\":\"Contato - Pr\u00eamio Synapsis de Jornalismo\",\"isPartOf\":{\"@id\":\"https:\/\/fbh.com.br\/premio-synapsis\/#website\"},\"datePublished\":\"2019-11-15T04:59:00+00:00\",\"dateModified\":\"2023-03-10T15:14:21+00:00\",\"breadcrumb\":{\"@id\":\"https:\/\/fbh.com.br\/premio-synapsis\/contato\/#breadcrumb\"},\"inLanguage\":\"pt-BR\",\"potentialAction\":[{\"@type\":\"ReadAction\",\"target\":[\"https:\/\/fbh.com.br\/premio-synapsis\/contato\/\"]}]},{\"@type\":\"BreadcrumbList\",\"@id\":\"https:\/\/fbh.com.br\/premio-synapsis\/contato\/#breadcrumb\",\"itemListElement\":[{\"@type\":\"ListItem\",\"position\":1,\"name\":\"In\u00edcio\",\"item\":\"https:\/\/fbh.com.br\/premio-synapsis\/\"},{\"@type\":\"ListItem\",\"position\":2,\"name\":\"Contato\"}]},{\"@type\":\"WebSite\",\"@id\":\"https:\/\/fbh.com.br\/premio-synapsis\/#website\",\"url\":\"https:\/\/fbh.com.br\/premio-synapsis\/\",\"name\":\"Pr\u00eamio Synapsis de Jornalismo\",\"description\":\"\",\"potentialAction\":[{\"@type\":\"SearchAction\",\"target\":{\"@type\":\"EntryPoint\",\"urlTemplate\":\"https:\/\/fbh.com.br\/premio-synapsis\/?s={search_term_string}\"},\"query-input\":{\"@type\":\"PropertyValueSpecification\",\"valueRequired\":true,\"valueName\":\"search_term_string\"}}],\"inLanguage\":\"pt-BR\"}]}<\/script>\n<!-- \/ Yoast SEO plugin. -->","yoast_head_json":{"title":"Contato - Pr\u00eamio Synapsis de Jornalismo","robots":{"index":"index","follow":"follow","max-snippet":"max-snippet:-1","max-image-preview":"max-image-preview:large","max-video-preview":"max-video-preview:-1"},"canonical":"https:\/\/fbh.com.br\/premio-synapsis\/contato\/","og_locale":"pt_BR","og_type":"article","og_title":"Contato - Pr\u00eamio Synapsis de Jornalismo","og_description":"Contato Fale conosco Atendimento Federa\u00e7\u00e3o Brasileira de Hospitais \u2013 FBH SRTV\/S Qd. 701 \u2013 Conj E \u2013 n\u00ba 130 \u2013 5\u00ba andar Ed. Pal\u00e1cio do R\u00e1dio I \u2013 Torre III.&hellip;","og_url":"https:\/\/fbh.com.br\/premio-synapsis\/contato\/","og_site_name":"Pr\u00eamio Synapsis de Jornalismo","article_publisher":"https:\/\/www.facebook.com\/premiosynapsisfbh\/","article_modified_time":"2023-03-10T15:14:21+00:00","twitter_card":"summary_large_image","twitter_site":"@premiosynapsis","twitter_misc":{"Est. tempo de leitura":"1 minuto"},"schema":{"@context":"https:\/\/schema.org","@graph":[{"@type":"WebPage","@id":"https:\/\/fbh.com.br\/premio-synapsis\/contato\/","url":"https:\/\/fbh.com.br\/premio-synapsis\/contato\/","name":"Contato - Pr\u00eamio Synapsis de Jornalismo","isPartOf":{"@id":"https:\/\/fbh.com.br\/premio-synapsis\/#website"},"datePublished":"2019-11-15T04:59:00+00:00","dateModified":"2023-03-10T15:14:21+00:00","breadcrumb":{"@id":"https:\/\/fbh.com.br\/premio-synapsis\/contato\/#breadcrumb"},"inLanguage":"pt-BR","potentialAction":[{"@type":"ReadAction","target":["https:\/\/fbh.com.br\/premio-synapsis\/contato\/"]}]},{"@type":"BreadcrumbList","@id":"https:\/\/fbh.com.br\/premio-synapsis\/contato\/#breadcrumb","itemListElement":[{"@type":"ListItem","position":1,"name":"In\u00edcio","item":"https:\/\/fbh.com.br\/premio-synapsis\/"},{"@type":"ListItem","position":2,"name":"Contato"}]},{"@type":"WebSite","@id":"https:\/\/fbh.com.br\/premio-synapsis\/#website","url":"https:\/\/fbh.com.br\/premio-synapsis\/","name":"Pr\u00eamio Synapsis de Jornalismo","description":"","potentialAction":[{"@type":"SearchAction","target":{"@type":"EntryPoint","urlTemplate":"https:\/\/fbh.com.br\/premio-synapsis\/?s={search_term_string}"},"query-input":{"@type":"PropertyValueSpecification","valueRequired":true,"valueName":"search_term_string"}}],"inLanguage":"pt-BR"}]}},"_links":{"self":[{"href":"https:\/\/fbh.com.br\/premio-synapsis\/wp-json\/wp\/v2\/pages\/12","targetHints":{"allow":["GET"]}}],"collection":[{"href":"https:\/\/fbh.com.br\/premio-synapsis\/wp-json\/wp\/v2\/pages"}],"about":[{"href":"https:\/\/fbh.com.br\/premio-synapsis\/wp-json\/wp\/v2\/types\/page"}],"author":[{"embeddable":true,"href":"https:\/\/fbh.com.br\/premio-synapsis\/wp-json\/wp\/v2\/users\/1"}],"replies":[{"embeddable":true,"href":"https:\/\/fbh.com.br\/premio-synapsis\/wp-json\/wp\/v2\/comments?post=12"}],"version-history":[{"count":20,"href":"https:\/\/fbh.com.br\/premio-synapsis\/wp-json\/wp\/v2\/pages\/12\/revisions"}],"predecessor-version":[{"id":703,"href":"https:\/\/fbh.com.br\/premio-synapsis\/wp-json\/wp\/v2\/pages\/12\/revisions\/703"}],"wp:attachment":[{"href":"https:\/\/fbh.com.br\/premio-synapsis\/wp-json\/wp\/v2\/media?parent=12"}],"curies":[{"name":"wp","href":"https:\/\/api.w.org\/{rel}","templated":true}]}}