{"id":783,"date":"2025-06-05T09:18:38","date_gmt":"2025-06-05T12:18:38","guid":{"rendered":"https:\/\/fbh.com.br\/premio-synapsis\/?page_id=783"},"modified":"2025-06-25T16:23:04","modified_gmt":"2025-06-25T19:23:04","slug":"votacao","status":"publish","type":"page","link":"https:\/\/fbh.com.br\/premio-synapsis\/votacao\/","title":{"rendered":"Vota\u00e7\u00e3o"},"content":{"rendered":"\t\t<div data-elementor-type=\"wp-page\" data-elementor-id=\"783\" class=\"elementor elementor-783\" data-elementor-post-type=\"page\">\n\t\t\t\t\t\t<section class=\"penci-section penci-dmcheck penci-elbg-activate penci-disSticky penci-structure-10 elementor-section elementor-top-section elementor-element elementor-element-1227b40 elementor-section-boxed elementor-section-height-default elementor-section-height-default\" data-id=\"1227b40\" data-element_type=\"section\" data-settings=\"{&quot;background_background&quot;:&quot;classic&quot;}\">\n\t\t\t\t\t\t<div class=\"elementor-container elementor-column-gap-no\">\n\t\t\t\t\t<div class=\"penci-ercol-100 penci-ercol-order-1 penci-sticky-ct    elementor-column elementor-col-100 elementor-top-column elementor-element elementor-element-99341bc\" data-id=\"99341bc\" data-element_type=\"column\">\n\t\t\t<div class=\"elementor-widget-wrap elementor-element-populated\">\n\t\t\t\t\t\t<div class=\"elementor-element elementor-element-ca375a8 elementor-widget elementor-widget-penci-fancy_heading\" data-id=\"ca375a8\" data-element_type=\"widget\" data-widget_type=\"penci-fancy_heading.default\">\n\t\t\t\t<div class=\"elementor-widget-container\">\n\t\t\t\t\t\t\t<div class=\"penci-fancy-heading penci-heading-text-center\">\n\t\t\t<div class=\"penci-fancy-heading-inner\">\n\t\t\t\t<h2 class=\"penci-heading-title\"><span class=\"inner-tit\">Participe da vota\u00e7\u00e3o!<\/span><\/h2>\t\t\t<\/div>\n\t\t<\/div>\n\t\t\t\t\t\t<\/div>\n\t\t\t\t<\/div>\n\t\t\t\t\t<\/div>\n\t\t<\/div>\n\t\t\t\t\t<\/div>\n\t\t<\/section>\n\t\t\t\t<section class=\"penci-section penci-disSticky penci-structure-10 elementor-section elementor-top-section elementor-element elementor-element-768fb72 elementor-section-content-top elementor-section-boxed elementor-section-height-default elementor-section-height-default\" data-id=\"768fb72\" data-element_type=\"section\">\n\t\t\t\t\t\t<div class=\"elementor-container elementor-column-gap-extended\">\n\t\t\t\t\t<div class=\"penci-ercol-100 penci-ercol-order-1 penci-sticky-ct    elementor-column elementor-col-100 elementor-top-column elementor-element elementor-element-37ba6ac\" data-id=\"37ba6ac\" data-element_type=\"column\">\n\t\t\t<div class=\"elementor-widget-wrap elementor-element-populated\">\n\t\t\t\t\t\t<div class=\"elementor-element elementor-element-ab10590 elementor-widget__width-initial elementor-widget elementor-widget-text-editor\" data-id=\"ab10590\" data-element_type=\"widget\" data-widget_type=\"text-editor.default\">\n\t\t\t\t<div class=\"elementor-widget-container\">\n\t\t\t\t\t\t\t\t\t<p>Vota\u00e7\u00e3o encerrada! Muito obrigado a todos que participaram. Agora \u00e9 com a gente! Em breve, voc\u00ea confere o resultado. Fique de olho nas nossas redes e canais de comunica\u00e7\u00e3o.<\/p>\t\t\t\t\t\t\t\t<\/div>\n\t\t\t\t<\/div>\n\t\t\t\t\t<\/div>\n\t\t<\/div>\n\t\t\t\t\t<\/div>\n\t\t<\/section>\n\t\t\t\t<\/div>\n\t\t","protected":false},"excerpt":{"rendered":"<p>Participe da vota\u00e7\u00e3o! Vota\u00e7\u00e3o encerrada! Muito obrigado a todos que participaram. Agora \u00e9 com a gente! Em breve, voc\u00ea confere o resultado. Fique de olho nas nossas redes e canais&hellip;<\/p>\n","protected":false},"author":1,"featured_media":0,"parent":0,"menu_order":0,"comment_status":"closed","ping_status":"closed","template":"page-fullwidth.php","meta":{"_lmt_disableupdate":"","_lmt_disable":"","footnotes":""},"class_list":["post-783","page","type-page","status-publish","hentry"],"yoast_head":"<!-- This site is optimized with the Yoast SEO plugin v25.2 - https:\/\/yoast.com\/wordpress\/plugins\/seo\/ -->\n<title>Vota\u00e7\u00e3o - Pr\u00eamio Synapsis de Jornalismo<\/title>\n<meta name=\"robots\" content=\"index, follow, max-snippet:-1, max-image-preview:large, max-video-preview:-1\" \/>\n<link rel=\"canonical\" href=\"https:\/\/fbh.com.br\/premio-synapsis\/votacao\/\" \/>\n<meta property=\"og:locale\" content=\"pt_BR\" \/>\n<meta property=\"og:type\" content=\"article\" \/>\n<meta property=\"og:title\" content=\"Vota\u00e7\u00e3o - Pr\u00eamio Synapsis de Jornalismo\" \/>\n<meta property=\"og:description\" content=\"Participe da vota\u00e7\u00e3o! Vota\u00e7\u00e3o encerrada! Muito obrigado a todos que participaram. Agora \u00e9 com a gente! Em breve, voc\u00ea confere o resultado. Fique de olho nas nossas redes e canais&hellip;\" \/>\n<meta property=\"og:url\" content=\"https:\/\/fbh.com.br\/premio-synapsis\/votacao\/\" \/>\n<meta property=\"og:site_name\" content=\"Pr\u00eamio Synapsis de Jornalismo\" \/>\n<meta property=\"article:publisher\" content=\"https:\/\/www.facebook.com\/premiosynapsisfbh\/\" \/>\n<meta property=\"article:modified_time\" content=\"2025-06-25T19:23:04+00:00\" \/>\n<meta name=\"twitter:card\" content=\"summary_large_image\" \/>\n<meta name=\"twitter:site\" content=\"@premiosynapsis\" \/>\n<meta name=\"twitter:label1\" content=\"Est. tempo de leitura\" \/>\n\t<meta name=\"twitter:data1\" content=\"1 minuto\" \/>\n<script type=\"application\/ld+json\" class=\"yoast-schema-graph\">{\"@context\":\"https:\/\/schema.org\",\"@graph\":[{\"@type\":\"WebPage\",\"@id\":\"https:\/\/fbh.com.br\/premio-synapsis\/votacao\/\",\"url\":\"https:\/\/fbh.com.br\/premio-synapsis\/votacao\/\",\"name\":\"Vota\u00e7\u00e3o - Pr\u00eamio Synapsis de Jornalismo\",\"isPartOf\":{\"@id\":\"https:\/\/fbh.com.br\/premio-synapsis\/#website\"},\"datePublished\":\"2025-06-05T12:18:38+00:00\",\"dateModified\":\"2025-06-25T19:23:04+00:00\",\"breadcrumb\":{\"@id\":\"https:\/\/fbh.com.br\/premio-synapsis\/votacao\/#breadcrumb\"},\"inLanguage\":\"pt-BR\",\"potentialAction\":[{\"@type\":\"ReadAction\",\"target\":[\"https:\/\/fbh.com.br\/premio-synapsis\/votacao\/\"]}]},{\"@type\":\"BreadcrumbList\",\"@id\":\"https:\/\/fbh.com.br\/premio-synapsis\/votacao\/#breadcrumb\",\"itemListElement\":[{\"@type\":\"ListItem\",\"position\":1,\"name\":\"In\u00edcio\",\"item\":\"https:\/\/fbh.com.br\/premio-synapsis\/\"},{\"@type\":\"ListItem\",\"position\":2,\"name\":\"Vota\u00e7\u00e3o\"}]},{\"@type\":\"WebSite\",\"@id\":\"https:\/\/fbh.com.br\/premio-synapsis\/#website\",\"url\":\"https:\/\/fbh.com.br\/premio-synapsis\/\",\"name\":\"Pr\u00eamio Synapsis de Jornalismo\",\"description\":\"\",\"potentialAction\":[{\"@type\":\"SearchAction\",\"target\":{\"@type\":\"EntryPoint\",\"urlTemplate\":\"https:\/\/fbh.com.br\/premio-synapsis\/?s={search_term_string}\"},\"query-input\":{\"@type\":\"PropertyValueSpecification\",\"valueRequired\":true,\"valueName\":\"search_term_string\"}}],\"inLanguage\":\"pt-BR\"}]}<\/script>\n<!-- \/ Yoast SEO plugin. -->","yoast_head_json":{"title":"Vota\u00e7\u00e3o - Pr\u00eamio Synapsis de Jornalismo","robots":{"index":"index","follow":"follow","max-snippet":"max-snippet:-1","max-image-preview":"max-image-preview:large","max-video-preview":"max-video-preview:-1"},"canonical":"https:\/\/fbh.com.br\/premio-synapsis\/votacao\/","og_locale":"pt_BR","og_type":"article","og_title":"Vota\u00e7\u00e3o - Pr\u00eamio Synapsis de Jornalismo","og_description":"Participe da vota\u00e7\u00e3o! Vota\u00e7\u00e3o encerrada! Muito obrigado a todos que participaram. Agora \u00e9 com a gente! Em breve, voc\u00ea confere o resultado. Fique de olho nas nossas redes e canais&hellip;","og_url":"https:\/\/fbh.com.br\/premio-synapsis\/votacao\/","og_site_name":"Pr\u00eamio Synapsis de Jornalismo","article_publisher":"https:\/\/www.facebook.com\/premiosynapsisfbh\/","article_modified_time":"2025-06-25T19:23:04+00:00","twitter_card":"summary_large_image","twitter_site":"@premiosynapsis","twitter_misc":{"Est. tempo de leitura":"1 minuto"},"schema":{"@context":"https:\/\/schema.org","@graph":[{"@type":"WebPage","@id":"https:\/\/fbh.com.br\/premio-synapsis\/votacao\/","url":"https:\/\/fbh.com.br\/premio-synapsis\/votacao\/","name":"Vota\u00e7\u00e3o - Pr\u00eamio Synapsis de Jornalismo","isPartOf":{"@id":"https:\/\/fbh.com.br\/premio-synapsis\/#website"},"datePublished":"2025-06-05T12:18:38+00:00","dateModified":"2025-06-25T19:23:04+00:00","breadcrumb":{"@id":"https:\/\/fbh.com.br\/premio-synapsis\/votacao\/#breadcrumb"},"inLanguage":"pt-BR","potentialAction":[{"@type":"ReadAction","target":["https:\/\/fbh.com.br\/premio-synapsis\/votacao\/"]}]},{"@type":"BreadcrumbList","@id":"https:\/\/fbh.com.br\/premio-synapsis\/votacao\/#breadcrumb","itemListElement":[{"@type":"ListItem","position":1,"name":"In\u00edcio","item":"https:\/\/fbh.com.br\/premio-synapsis\/"},{"@type":"ListItem","position":2,"name":"Vota\u00e7\u00e3o"}]},{"@type":"WebSite","@id":"https:\/\/fbh.com.br\/premio-synapsis\/#website","url":"https:\/\/fbh.com.br\/premio-synapsis\/","name":"Pr\u00eamio Synapsis de Jornalismo","description":"","potentialAction":[{"@type":"SearchAction","target":{"@type":"EntryPoint","urlTemplate":"https:\/\/fbh.com.br\/premio-synapsis\/?s={search_term_string}"},"query-input":{"@type":"PropertyValueSpecification","valueRequired":true,"valueName":"search_term_string"}}],"inLanguage":"pt-BR"}]}},"_links":{"self":[{"href":"https:\/\/fbh.com.br\/premio-synapsis\/wp-json\/wp\/v2\/pages\/783","targetHints":{"allow":["GET"]}}],"collection":[{"href":"https:\/\/fbh.com.br\/premio-synapsis\/wp-json\/wp\/v2\/pages"}],"about":[{"href":"https:\/\/fbh.com.br\/premio-synapsis\/wp-json\/wp\/v2\/types\/page"}],"author":[{"embeddable":true,"href":"https:\/\/fbh.com.br\/premio-synapsis\/wp-json\/wp\/v2\/users\/1"}],"replies":[{"embeddable":true,"href":"https:\/\/fbh.com.br\/premio-synapsis\/wp-json\/wp\/v2\/comments?post=783"}],"version-history":[{"count":18,"href":"https:\/\/fbh.com.br\/premio-synapsis\/wp-json\/wp\/v2\/pages\/783\/revisions"}],"predecessor-version":[{"id":837,"href":"https:\/\/fbh.com.br\/premio-synapsis\/wp-json\/wp\/v2\/pages\/783\/revisions\/837"}],"wp:attachment":[{"href":"https:\/\/fbh.com.br\/premio-synapsis\/wp-json\/wp\/v2\/media?parent=783"}],"curies":[{"name":"wp","href":"https:\/\/api.w.org\/{rel}","templated":true}]}}